{"id":3612,"date":"2025-12-17T15:41:10","date_gmt":"2025-12-17T15:41:10","guid":{"rendered":"https:\/\/chefkhadija.com\/about\/"},"modified":"2025-12-31T09:59:54","modified_gmt":"2025-12-31T08:59:54","slug":"about","status":"publish","type":"page","link":"https:\/\/chefkhadija.com\/%d8%b9%d8%b1%d8%a8%d9%8a\/about\/","title":{"rendered":"\u0642\u0635\u062a\u064a"},"content":{"rendered":"<div class=\"wp-block-uagb-container uagb-block-35459231 alignfull uagb-is-root-container\"><div class=\"uagb-container-inner-blocks-wrap\">\n<div class=\"wp-block-uagb-advanced-heading uagb-block-b0540669\"><h1 class=\"uagb-heading-text\">\u0645\u0639\u0644\u0648\u0645\u0627\u062a \u0639\u0646\u064a<\/h1><\/div>\n<\/div><\/div>\n\n\n\n<div class=\"wp-block-uagb-container uagb-block-96eb9c65 alignfull uagb-is-root-container\"><div class=\"uagb-container-inner-blocks-wrap\">\n<div class=\"wp-block-uagb-image aligncenter uagb-block-c1d734b6 wp-block-uagb-image--layout-default wp-block-uagb-image--effect-static wp-block-uagb-image--align-center\"><figure class=\"wp-block-uagb-image__figure\"><img decoding=\"async\" sizes=\"auto, (max-width: 480px) 150px\" src=\"https:\/\/chefkhadija.com\/wp-content\/uploads\/2021\/03\/basil-leaf.png\" alt=\"\" class=\"uag-image-3958\" width=\"150\" height=\"90\" title=\"\" loading=\"lazy\" role=\"img\"\/><\/figure><\/div>\n<\/div><\/div>\n\n\n\n<div class=\"wp-block-uagb-container uagb-layout-grid uagb-block-31a3d8e8 alignfull uagb-is-root-container\"><div class=\"uagb-container-inner-blocks-wrap\">\n<div class=\"wp-block-uagb-advanced-heading uagb-block-ad1bed66\"><h2 class=\"uagb-heading-text\">\u062f\u062c\u0627\u062c \u0645\u0646\u0638\u0641 \u0648\u0645\u062a\u0628\u0644 \u0641\u064a \u0627\u0644\u062f\u0627\u0631 \u0627\u0644\u0628\u064a\u0636\u0627\u0621<\/h2><p class=\"uagb-desc-text\">\u0648\u0631\u0627\u0621 \u0643\u0644 \u0637\u0644\u0628 \u0642\u0635\u0629 \u0628\u0633\u064a\u0637\u0629 \u0648\u0623\u0635\u064a\u0644\u0629. \u0628\u062f\u0627\u062a \u062e\u062f\u064a\u062c\u0629 \u0628\u062a\u062d\u0636\u064a\u0631 \u0628\u0639\u0636 <strong>\u062f\u062c\u0627\u062c \u062a\u0645 \u062a\u0646\u0638\u064a\u0641\u0647 \u0641\u064a \u0627\u0644\u062f\u0627\u0631 \u0627\u0644\u0628\u064a\u0636\u0627\u0621<\/strong> \u0644\u0639\u0627\u0626\u0644\u062a\u0647\u0627\u060c \u0628\u0646\u0641\u0633 \u0627\u0644\u0645\u0639\u0627\u064a\u064a\u0631 \u0627\u0644\u062f\u0642\u064a\u0642\u0629 \u0627\u0644\u0645\u062a\u0628\u0639\u0629 \u0641\u064a \u0627\u0644\u0637\u0628\u062e \u0627\u0644\u0645\u0646\u0632\u0644\u064a: \u063a\u0633\u0644 \u062f\u0642\u064a\u0642\u060c \u0648\u0625\u0632\u0627\u0644\u0629 \u0627\u0644\u0631\u0648\u0627\u0626\u062d\u060c \u0648\u0627\u0644\u062d\u0641\u0627\u0638 \u0627\u0644\u062a\u0627\u0645 \u0639\u0644\u0649 \u0627\u0644\u0646\u0636\u0627\u0631\u0629. \u0648\u0627\u0644\u064a\u0648\u0645\u060c \u062a\u064f\u0642\u062f\u0645 \u0647\u0630\u0647 \u0627\u0644\u0637\u0631\u064a\u0642\u0629 \u0646\u0641\u0633\u0647\u0627 \u0644\u0644\u0623\u0633\u0631 \u0627\u0644\u062a\u064a \u062a\u0633\u0639\u0649 \u0625\u0644\u0649 <strong>\u062f\u062c\u0627\u062c \u0645\u0646\u0632\u0644\u064a \u0627\u0644\u062a\u062d\u0636\u064a\u0631<\/strong>\u0645\u0648\u062b\u0648\u0642\u0629 \u0648\u0646\u0638\u064a\u0641\u0629 \u0648\u062c\u0627\u0647\u0632\u0629 \u0644\u0644\u0637\u0647\u064a\u060c \u062f\u0648\u0646 \u0623\u064a \u062a\u0646\u0627\u0632\u0644 \u0639\u0646 \u0627\u0644\u062c\u0648\u062f\u0629<br>\u0645\u0647\u0645\u062a\u064a \u0648\u0627\u0636\u062d\u0629: \u062a\u0642\u062f\u064a\u0645 <strong>\u062f\u062c\u0627\u062c \u0637\u0627\u0632\u062c \u0641\u064a \u0643\u0644 \u062f\u0627\u0631\u060c<\/strong>\u064a\u062a\u0645 \u062a\u062d\u0636\u064a\u0631\u0647\u0627 \u0641\u064a \u0646\u0641\u0633 \u0627\u0644\u064a\u0648\u0645\u060c \u0644\u062a\u0633\u0647\u064a\u0644 \u0627\u0644\u062d\u064a\u0627\u0629 \u0627\u0644\u064a\u0648\u0645\u064a\u0629 \u0644\u0644\u0639\u0627\u0626\u0644\u0627\u062a \u0648\u0636\u0645\u0627\u0646 \u0645\u0630\u0627\u0642 \u0637\u0628\u064a\u0639\u064a \u0648\u0635\u062d\u064a \u0648\u0645\u062a\u062d\u0643\u0645 \u0641\u064a\u0647.<\/p><\/div>\n\n\n\n<div class=\"wp-block-uagb-image uagb-block-bc8225a8 wp-block-uagb-image--layout-default wp-block-uagb-image--effect-static wp-block-uagb-image--align-none\"><figure class=\"wp-block-uagb-image__figure\"><img decoding=\"async\" srcset=\"https:\/\/chefkhadija.com\/wp-content\/uploads\/2025\/12\/Design-sans-titre-_20_.webp ,https:\/\/chefkhadija.com\/wp-content\/uploads\/2025\/12\/Design-sans-titre-_20_.webp 780w, https:\/\/chefkhadija.com\/wp-content\/uploads\/2025\/12\/Design-sans-titre-_20_.webp 360w\" sizes=\"auto, (max-width: 480px) 150px\" src=\"https:\/\/chefkhadija.com\/wp-content\/uploads\/2025\/12\/Design-sans-titre-_20_.webp\" alt=\"\" class=\"uag-image-5655\" width=\"580\" height=\"399\" title=\"Design-sans-titre-_20_\" loading=\"lazy\" role=\"img\"\/><\/figure><\/div>\n<\/div><\/div>\n\n\n\n<div class=\"wp-block-uagb-container uagb-layout-flex uagb-block-fcd81faf alignfull uagb-is-root-container\"><div class=\"uagb-container-inner-blocks-wrap\">\n<div class=\"wp-block-uagb-container uagb-block-6e6830f6\">\n<div class=\"wp-block-uagb-advanced-heading uagb-block-ffc78a46\"><h4 class=\"uagb-heading-text\">\u0627\u0644\u0623\u0631\u0642\u0627\u0645 \u062a\u062a\u062d\u062f\u062b \u0639\u0646 \u0646\u0641\u0633\u0647\u0627!<\/h4><\/div>\n<\/div>\n\n\n\n<div class=\"wp-block-uagb-container uagb-layout-grid uagb-block-4b1db345\">\n<div class=\"wp-block-uagb-counter uagb-block-1ab3f146 wp-block-uagb-counter--number\"><div class=\"wp-block-uagb-counter__number\"><span class=\"uagb-counter-block-number\" data-duration=\"1.5\" data-to-value=\"1200\" data-from-value=\"10\" data-delimiter=\",\"><\/span><span class=\"uagb-counter-block-suffix\">+<\/span><\/div><div class=\"wp-block-uagb-counter__title\">\u0637\u0644\u0628\u064a\u0629 \u062a\u0645 \u062a\u0648\u0635\u064a\u0644\u0647\u0627 \u0641\u064a \u0627\u0644\u062f\u0627\u0631 \u0627\u0644\u0628\u064a\u0636\u0627\u0621<\/div><\/div>\n\n\n\n<div class=\"wp-block-uagb-counter uagb-block-a06576e0 wp-block-uagb-counter--number\"><div class=\"wp-block-uagb-counter__number\"><span class=\"uagb-counter-block-number\" data-duration=\"1.5\" data-to-value=\"100\" data-from-value=\"10\" data-delimiter=\",\"><\/span><span class=\"uagb-counter-block-suffix\">%<\/span><\/div><div class=\"wp-block-uagb-counter__title\">\u062f\u062c\u0627\u062c \u0645\u064f\u062c\u0647\u0632 \u0641\u064a \u0646\u0641\u0633 \u0627\u0644\u064a\u0648\u0645<\/div><\/div>\n\n\n\n<div class=\"wp-block-uagb-counter uagb-block-ce7cbd39 wp-block-uagb-counter--number\"><div class=\"wp-block-uagb-counter__number\"><span class=\"uagb-counter-block-number\" data-duration=\"1.5\" data-to-value=\"95\" data-from-value=\"0\" data-delimiter=\",\"><\/span><span class=\"uagb-counter-block-suffix\">%<\/span><\/div><div class=\"wp-block-uagb-counter__title\">\u0639\u0645\u0644\u0627\u0621 \u0627\u0644\u062f\u0627\u0626\u0645\u0648\u0646<\/div><\/div>\n<\/div>\n<\/div><\/div>\n\n\n\n<div class=\"wp-block-uagb-container uagb-block-8632bd39 alignfull uagb-is-root-container\"><div class=\"uagb-container-inner-blocks-wrap\">\n<div class=\"wp-block-uagb-container uagb-block-ea3f452a\">\n<div class=\"wp-block-uagb-image aligncenter uagb-block-757d9965 wp-block-uagb-image--layout-default wp-block-uagb-image--effect-static wp-block-uagb-image--align-center\"><figure class=\"wp-block-uagb-image__figure\"><img decoding=\"async\" srcset=\"https:\/\/chefkhadija.com\/wp-content\/uploads\/2025\/12\/Design-sans-titre-_21_.webp ,https:\/\/chefkhadija.com\/wp-content\/uploads\/2025\/12\/Design-sans-titre-_21_.webp 780w, https:\/\/chefkhadija.com\/wp-content\/uploads\/2025\/12\/Design-sans-titre-_21_.webp 360w\" sizes=\"auto, (max-width: 480px) 150px\" src=\"https:\/\/chefkhadija.com\/wp-content\/uploads\/2025\/12\/Design-sans-titre-_21_.webp\" alt=\"\" class=\"uag-image-5656\" width=\"450\" height=\"500\" title=\"Design-sans-titre-_21_\" loading=\"lazy\" role=\"img\"\/><\/figure><\/div>\n\n\n\n<div class=\"wp-block-uagb-star-rating uagb-block-604c411d\"><p class=\"uag-star-rating__title\">\u0645\u0631\u0627\u062c\u0639\u0629 \u0627\u0644\u0639\u0645\u064a\u0644<\/p><div class=\"uag-star-rating\" title=\"4\/5\"><span class=\"uag-star\">\u2605<\/span><span class=\"uag-star\">\u2605<\/span><span class=\"uag-star\">\u2605<\/span><span class=\"uag-star\">\u2605<\/span><span class=\"uag-star\">\u2605<\/span><\/div><\/div>\n\n\n\n<div class=\"wp-block-uagb-testimonial uagb-slick-carousel uagb-tm__arrow-outside uagb-block-79c9ef1b uagb-post__carousel_notset uagb-post__carousel_notset-tablet uagb-post__carousel_notset-mobile\"><div class=\"is-carousel uagb-tm__columns-1 uagb-tm__items\"><div class=\"uagb-testimonial__wrap  uagb-tm__imgicon-style-circle uagb-tm__image-position-top uagb-tm__bg-type-none\"><div class=\"uagb-tm__content\"><div class=\"uagb-tm__overlay\"><\/div><div class=\"uagb-tm__image-content\"><div class=\"uagb-tm__image\"><img decoding=\"async\" class=\"uagb-tm-img-src\" src=\"https:\/\/chefkhadija.com\/wp-content\/uploads\/2025\/12\/Design-sans-titre-23.png\" alt=\"\" width=\"60\" height=\"60\" loading=\"lazy\"\/><\/div><\/div><div class=\"uagb-tm__text-wrap\"><div class=\"uagb-tm__desc\">\u0643\u0627\u0646\u0634\u0631\u064a \u0628\u0627\u0646\u062a\u0638\u0627\u0645 \u0644\u0639\u0627\u0626\u0644\u062a\u064a \u0648\u0623\u0646\u0627 \u0631\u0627\u0636\u064a\u0629 \u0644\u0644\u063a\u0627\u064a\u0629. \u0627\u0644\u062f\u062c\u0627\u062c \u0646\u0642\u064a\u060c \u0648\u0645\u063a\u0633\u0648\u0644 \u0645\u0632\u064a\u0627\u0646\u060c \u0648\u0631\u0627\u0626\u062d\u062a\u0647 \u0632\u0643\u064a\u0629 \u0628\u0631\u0627\u0626\u062d\u0629 \u0627\u0644\u0644\u064a\u0645\u0648\u0646. \u062a\u0627\u064a\u0648\u0641\u0631 \u0639\u0644\u064a\u0627 \u0628\u0632\u0627\u0641 \u062f\u064a\u0627\u0644 \u0627\u0644\u0648\u0642\u062a \u0641\u064a \u0627\u0644\u0645\u0637\u0628\u062e\u060c \u062e\u0627\u0635\u0629 \u0645\u0639 \u0627\u0644\u0623\u0637\u0641\u0627\u0644. \u062a\u0628\u0627\u0631\u0643 \u0627\u0644\u0644\u0647 \u0639\u0644\u064a\u0643 \u0627\u062e\u062f\u064a\u062c\u0629.<\/div><div class=\"uagb-tm__meta-inner\"><div class=\"uagb-testimonial-details\"><span class=\"uagb-tm__author-name\">\u2014 <strong><strong>\u0623\u0645\u064a\u0646\u0629 \u0627\u0644\u0645\u0646\u0635\u0648\u0631\u064a\u060c<\/strong>\u0623\u0645 \u0644\u0639\u0627\u0626\u0644\u0629\u060c \u0627\u0644\u062f\u0627\u0631 \u0627\u0644\u0628\u064a\u0636\u0627\u0621<\/strong><\/span><span class=\"uagb-tm__company\"><\/span><\/div><\/div><\/div><\/div><\/div><\/div><\/div>\n<\/div>\n\n\n\n<div class=\"wp-block-uagb-container uagb-block-af9e60aa\">\n<div class=\"wp-block-uagb-info-box uagb-block-7c6e413f uagb-infobox__content-wrap  uagb-infobox-icon-below-title uagb-infobox-image-valign-top wp-block-uagb-info-box--has-margin\"><div class=\"uagb-infobox-margin-wrapper\"><div class=\"uagb-ifb-content\"><div class=\"uagb-ifb-title-wrap\"><h2 class=\"uagb-ifb-title\">\u0644\u0645\u0627\u0630\u0627 \u0646\u063a\u0633\u0644 \u0627\u0644\u062f\u062c\u0627\u062c \u0648\u0646\u062a\u0628\u0644\u0647\u061f<\/h2><\/div><div class=\"uagb-ifb-image-content\"><img decoding=\"async\" src=\"https:\/\/chefkhadija.com\/wp-content\/uploads\/2019\/07\/logo-leaf-new.png\" alt=\"\" width=\"75\" height=\"33\" loading=\"lazy\"\/><\/div><\/div><\/div><\/div>\n\n\n\n<div class=\"wp-block-uagb-container uagb-block-7c6da67f\">\n<div class=\"wp-block-uagb-icon-list uagb-block-2b54d6f5\"><div class=\"uagb-icon-list__wrap\">\n<div class=\"wp-block-uagb-icon-list-child uagb-block-d7828eda\"><a target=\"_self\" aria-label=\"\u0625\u0632\u0627\u0644\u0629 \u0627\u0644\u0634\u0648\u0627\u0626\u0628\" rel=\"noopener noreferrer\" href=\"#\"> <\/a><span class=\"uagb-icon-list__source-wrap\"><svg xmlns=\"https:\/\/www.w3.org\/2000\/svg\" viewbox=\"0 0 512 512\"><path d=\"M0 256C0 114.6 114.6 0 256 0C397.4 0 512 114.6 512 256C512 397.4 397.4 512 256 512C114.6 512 0 397.4 0 256zM371.8 211.8C382.7 200.9 382.7 183.1 371.8 172.2C360.9 161.3 343.1 161.3 332.2 172.2L224 280.4L179.8 236.2C168.9 225.3 151.1 225.3 140.2 236.2C129.3 247.1 129.3 264.9 140.2 275.8L204.2 339.8C215.1 350.7 232.9 350.7 243.8 339.8L371.8 211.8z\"><\/path><\/svg><\/span><span class=\"uagb-icon-list__label\">\u0625\u0632\u0627\u0644\u0629 \u0627\u0644\u0634\u0648\u0627\u0626\u0628<\/span><\/div>\n\n\n\n<div class=\"wp-block-uagb-icon-list-child uagb-block-f10f4e46\"><a target=\"_self\" aria-label=\"\u0627\u0644\u062a\u062e\u0644\u0635 \u0645\u0646 \u0627\u0644\u0631\u0648\u0627\u0626\u062d\" rel=\"noopener noreferrer\" href=\"#\"> <\/a><span class=\"uagb-icon-list__source-wrap\"><svg xmlns=\"https:\/\/www.w3.org\/2000\/svg\" viewbox=\"0 0 512 512\"><path d=\"M0 256C0 114.6 114.6 0 256 0C397.4 0 512 114.6 512 256C512 397.4 397.4 512 256 512C114.6 512 0 397.4 0 256zM371.8 211.8C382.7 200.9 382.7 183.1 371.8 172.2C360.9 161.3 343.1 161.3 332.2 172.2L224 280.4L179.8 236.2C168.9 225.3 151.1 225.3 140.2 236.2C129.3 247.1 129.3 264.9 140.2 275.8L204.2 339.8C215.1 350.7 232.9 350.7 243.8 339.8L371.8 211.8z\"><\/path><\/svg><\/span><span class=\"uagb-icon-list__label\">\u0627\u0644\u062a\u062e\u0644\u0635 \u0645\u0646 \u0627\u0644\u0631\u0648\u0627\u0626\u062d<\/span><\/div>\n\n\n\n<div class=\"wp-block-uagb-icon-list-child uagb-block-c59a9a2b\"><a target=\"_self\" aria-label=\"\u0627\u0644\u062d\u0641\u0627\u0638 \u0639\u0644\u0649 \u0627\u0644\u0645\u0644\u0645\u0633\" rel=\"noopener noreferrer\" href=\"#\"> <\/a><span class=\"uagb-icon-list__source-wrap\"><svg xmlns=\"https:\/\/www.w3.org\/2000\/svg\" viewbox=\"0 0 512 512\"><path d=\"M0 256C0 114.6 114.6 0 256 0C397.4 0 512 114.6 512 256C512 397.4 397.4 512 256 512C114.6 512 0 397.4 0 256zM371.8 211.8C382.7 200.9 382.7 183.1 371.8 172.2C360.9 161.3 343.1 161.3 332.2 172.2L224 280.4L179.8 236.2C168.9 225.3 151.1 225.3 140.2 236.2C129.3 247.1 129.3 264.9 140.2 275.8L204.2 339.8C215.1 350.7 232.9 350.7 243.8 339.8L371.8 211.8z\"><\/path><\/svg><\/span><span class=\"uagb-icon-list__label\">\u0627\u0644\u062d\u0641\u0627\u0638 \u0639\u0644\u0649 \u0627\u0644\u0645\u0644\u0645\u0633<\/span><\/div>\n\n\n\n<div class=\"wp-block-uagb-icon-list-child uagb-block-02f438b7\"><a target=\"_self\" aria-label=\"\u062a\u062d\u0633\u064a\u0646 \u0627\u0644\u0646\u0636\u0627\u0631\u0629\" rel=\"noopener noreferrer\" href=\"#\"> <\/a><span class=\"uagb-icon-list__source-wrap\"><svg xmlns=\"https:\/\/www.w3.org\/2000\/svg\" viewbox=\"0 0 512 512\"><path d=\"M0 256C0 114.6 114.6 0 256 0C397.4 0 512 114.6 512 256C512 397.4 397.4 512 256 512C114.6 512 0 397.4 0 256zM371.8 211.8C382.7 200.9 382.7 183.1 371.8 172.2C360.9 161.3 343.1 161.3 332.2 172.2L224 280.4L179.8 236.2C168.9 225.3 151.1 225.3 140.2 236.2C129.3 247.1 129.3 264.9 140.2 275.8L204.2 339.8C215.1 350.7 232.9 350.7 243.8 339.8L371.8 211.8z\"><\/path><\/svg><\/span><span class=\"uagb-icon-list__label\">\u062a\u062d\u0633\u064a\u0646 \u0627\u0644\u0646\u0636\u0627\u0631\u0629<\/span><\/div>\n\n\n\n<div class=\"wp-block-uagb-icon-list-child uagb-block-9d2897ab\"><a target=\"_self\" aria-label=\"\u0644\u062a\u0648\u0641\u064a\u0631 \u0623\u0633\u0627\u0633 \u0635\u062d\u064a\" rel=\"noopener noreferrer\" href=\"#\"> <\/a><span class=\"uagb-icon-list__source-wrap\"><svg xmlns=\"https:\/\/www.w3.org\/2000\/svg\" viewbox=\"0 0 512 512\"><path d=\"M0 256C0 114.6 114.6 0 256 0C397.4 0 512 114.6 512 256C512 397.4 397.4 512 256 512C114.6 512 0 397.4 0 256zM371.8 211.8C382.7 200.9 382.7 183.1 371.8 172.2C360.9 161.3 343.1 161.3 332.2 172.2L224 280.4L179.8 236.2C168.9 225.3 151.1 225.3 140.2 236.2C129.3 247.1 129.3 264.9 140.2 275.8L204.2 339.8C215.1 350.7 232.9 350.7 243.8 339.8L371.8 211.8z\"><\/path><\/svg><\/span><span class=\"uagb-icon-list__label\">\u0644\u062a\u0648\u0641\u064a\u0631 \u0623\u0633\u0627\u0633 \u0635\u062d\u064a<\/span><\/div>\n<\/div><\/div>\n\n\n\n<div class=\"wp-block-uagb-icon-list uagb-block-0426e0e5\"><div class=\"uagb-icon-list__wrap\">\n<div class=\"wp-block-uagb-icon-list-child uagb-block-0f2b4b41\"><a target=\"_self\" aria-label=\"\u0636\u0645\u0627\u0646 \u062a\u062d\u0636\u064a\u0631 \u0645\u0646\u0632\u0644\u064a\" rel=\"noopener noreferrer\" href=\"#\"> <\/a><span class=\"uagb-icon-list__source-wrap\"><svg xmlns=\"https:\/\/www.w3.org\/2000\/svg\" viewbox=\"0 0 512 512\"><path d=\"M0 256C0 114.6 114.6 0 256 0C397.4 0 512 114.6 512 256C512 397.4 397.4 512 256 512C114.6 512 0 397.4 0 256zM371.8 211.8C382.7 200.9 382.7 183.1 371.8 172.2C360.9 161.3 343.1 161.3 332.2 172.2L224 280.4L179.8 236.2C168.9 225.3 151.1 225.3 140.2 236.2C129.3 247.1 129.3 264.9 140.2 275.8L204.2 339.8C215.1 350.7 232.9 350.7 243.8 339.8L371.8 211.8z\"><\/path><\/svg><\/span><span class=\"uagb-icon-list__label\">\u0636\u0645\u0627\u0646 \u062a\u062d\u0636\u064a\u0631 \u0645\u0646\u0632\u0644\u064a<\/span><\/div>\n\n\n\n<div class=\"wp-block-uagb-icon-list-child uagb-block-321a71ad\"><a target=\"_self\" aria-label=\"\u062a\u0642\u0644\u064a\u0644 \u0648\u0642\u062a \u0627\u0644\u0637\u0647\u064a\" rel=\"noopener noreferrer\" href=\"#\"> <\/a><span class=\"uagb-icon-list__source-wrap\"><svg xmlns=\"https:\/\/www.w3.org\/2000\/svg\" viewbox=\"0 0 512 512\"><path d=\"M0 256C0 114.6 114.6 0 256 0C397.4 0 512 114.6 512 256C512 397.4 397.4 512 256 512C114.6 512 0 397.4 0 256zM371.8 211.8C382.7 200.9 382.7 183.1 371.8 172.2C360.9 161.3 343.1 161.3 332.2 172.2L224 280.4L179.8 236.2C168.9 225.3 151.1 225.3 140.2 236.2C129.3 247.1 129.3 264.9 140.2 275.8L204.2 339.8C215.1 350.7 232.9 350.7 243.8 339.8L371.8 211.8z\"><\/path><\/svg><\/span><span class=\"uagb-icon-list__label\">\u062a\u0642\u0644\u064a\u0644 \u0648\u0642\u062a \u0627\u0644\u0637\u0647\u064a<\/span><\/div>\n\n\n\n<div class=\"wp-block-uagb-icon-list-child uagb-block-296d5c76\"><a target=\"_self\" aria-label=\"\u0636\u0645\u0627\u0646 \u062c\u0648\u062f\u0629 \u062a\u0627\u0628\u062a\u0629\" rel=\"noopener noreferrer\" href=\"#\"> <\/a><span class=\"uagb-icon-list__source-wrap\"><svg xmlns=\"https:\/\/www.w3.org\/2000\/svg\" viewbox=\"0 0 512 512\"><path d=\"M0 256C0 114.6 114.6 0 256 0C397.4 0 512 114.6 512 256C512 397.4 397.4 512 256 512C114.6 512 0 397.4 0 256zM371.8 211.8C382.7 200.9 382.7 183.1 371.8 172.2C360.9 161.3 343.1 161.3 332.2 172.2L224 280.4L179.8 236.2C168.9 225.3 151.1 225.3 140.2 236.2C129.3 247.1 129.3 264.9 140.2 275.8L204.2 339.8C215.1 350.7 232.9 350.7 243.8 339.8L371.8 211.8z\"><\/path><\/svg><\/span><span class=\"uagb-icon-list__label\">\u0636\u0645\u0627\u0646 \u062c\u0648\u062f\u0629 \u062a\u0627\u0628\u062a\u0629<\/span><\/div>\n<\/div><\/div>\n<\/div>\n\n\n\n<div class=\"wp-block-uagb-buttons uagb-buttons__outer-wrap uagb-btn__default-btn uagb-btn-tablet__default-btn uagb-btn-mobile__default-btn uagb-block-9f48e03c\"><div class=\"uagb-buttons__wrap uagb-buttons-layout-wrap\">\n<div class=\"wp-block-uagb-buttons-child uagb-buttons__outer-wrap uagb-block-21f702fb wp-block-button\"><div class=\"uagb-button__wrapper\"><a class=\"uagb-buttons-repeater wp-block-button__link\" aria-label=\"\" href=\"https:\/\/chefkhadija.com\/shop-2\/\" rel=\"follow noopener\" target=\"_self\" role=\"button\"><span class=\"uagb-button__icon uagb-button__icon-position-before\"><svg xmlns=\"https:\/\/www.w3.org\/2000\/svg\" viewbox=\"0 0 576 512\" aria-hidden=\"true\" focussable=\"false\"><path d=\"M96 0C107.5 0 117.4 8.19 119.6 19.51L121.1 32H541.8C562.1 32 578.3 52.25 572.6 72.66L518.6 264.7C514.7 278.5 502.1 288 487.8 288H170.7L179.9 336H488C501.3 336 512 346.7 512 360C512 373.3 501.3 384 488 384H159.1C148.5 384 138.6 375.8 136.4 364.5L76.14 48H24C10.75 48 0 37.25 0 24C0 10.75 10.75 0 24 0H96zM128 464C128 437.5 149.5 416 176 416C202.5 416 224 437.5 224 464C224 490.5 202.5 512 176 512C149.5 512 128 490.5 128 464zM512 464C512 490.5 490.5 512 464 512C437.5 512 416 490.5 416 464C416 437.5 437.5 416 464 416C490.5 416 512 437.5 512 464z\"><\/path><\/svg><\/span><div class=\"uagb-button__link\">\u0627\u0628\u062f\u0623 \u0627\u0644\u062a\u0633\u0648\u0642<\/div><\/a><\/div><\/div>\n<\/div><\/div>\n<\/div>\n<\/div><\/div>","protected":false},"excerpt":{"rendered":"<p>\u00c0 propos de nous Poulet nettoy\u00e9 et aromatis\u00e9 \u00e0 Casablanca Derri\u00e8re chaque commande se cache une histoire simple et authentique. Khadija a commenc\u00e9 par pr\u00e9parer du poulet nettoy\u00e9 \u00e0 Casablanca pour sa famille, avec la m\u00eame exigence que celle d\u2019une cuisine maison : lavage minutieux, \u00e9limination des odeurs et respect total de la fra\u00eecheur. Aujourd\u2019hui, [&hellip;]<\/p>\n","protected":false},"author":1,"featured_media":0,"parent":0,"menu_order":0,"comment_status":"closed","ping_status":"closed","template":"","meta":{"_uag_custom_page_level_css":"","site-sidebar-layout":"no-sidebar","site-content-layout":"plain-container","ast-site-content-layout":"full-width-container","site-content-style":"unboxed","site-sidebar-style":"unboxed","ast-global-header-display":"","ast-banner-title-visibility":"","ast-main-header-display":"","ast-hfb-above-header-display":"","ast-hfb-below-header-display":"","ast-hfb-mobile-header-display":"","site-post-title":"disabled","ast-breadcrumbs-content":"","ast-featured-img":"disabled","footer-sml-layout":"","ast-disable-related-posts":"","theme-transparent-header-meta":"enabled","adv-header-id-meta":"","stick-header-meta":"","header-above-stick-meta":"","header-main-stick-meta":"","header-below-stick-meta":"","astra-migrate-meta-layouts":"set","ast-page-background-enabled":"default","ast-page-background-meta":{"desktop":{"background-color":"","background-image":"","background-repeat":"repeat","background-position":"center center","background-size":"auto","background-attachment":"scroll","background-type":"","background-media":"","overlay-type":"","overlay-color":"","overlay-opacity":"","overlay-gradient":""},"tablet":{"background-color":"","background-image":"","background-repeat":"repeat","background-position":"center center","background-size":"auto","background-attachment":"scroll","background-type":"","background-media":"","overlay-type":"","overlay-color":"","overlay-opacity":"","overlay-gradient":""},"mobile":{"background-color":"","background-image":"","background-repeat":"repeat","background-position":"center center","background-size":"auto","background-attachment":"scroll","background-type":"","background-media":"","overlay-type":"","overlay-color":"","overlay-opacity":"","overlay-gradient":""}},"ast-content-background-meta":{"desktop":{"background-color":"var(--ast-global-color-5)","background-image":"","background-repeat":"repeat","background-position":"center center","background-size":"auto","background-attachment":"scroll","background-type":"","background-media":"","overlay-type":"","overlay-color":"","overlay-opacity":"","overlay-gradient":""},"tablet":{"background-color":"var(--ast-global-color-5)","background-image":"","background-repeat":"repeat","background-position":"center center","background-size":"auto","background-attachment":"scroll","background-type":"","background-media":"","overlay-type":"","overlay-color":"","overlay-opacity":"","overlay-gradient":""},"mobile":{"background-color":"var(--ast-global-color-5)","background-image":"","background-repeat":"repeat","background-position":"center center","background-size":"auto","background-attachment":"scroll","background-type":"","background-media":"","overlay-type":"","overlay-color":"","overlay-opacity":"","overlay-gradient":""}},"footnotes":""},"class_list":["post-3612","page","type-page","status-publish","hentry"],"aioseo_notices":[],"_hostinger_reach_plugin_has_subscription_block":false,"_hostinger_reach_plugin_is_elementor":false,"uagb_featured_image_src":{"full":false,"thumbnail":false,"medium":false,"medium_large":false,"large":false,"1536x1536":false,"2048x2048":false,"trp-custom-language-flag":false,"woocommerce_thumbnail":false,"woocommerce_single":false,"woocommerce_gallery_thumbnail":false},"uagb_author_info":{"display_name":"fadaoui.abdelhakim@gmail.com","author_link":"https:\/\/chefkhadija.com\/%d8%b9%d8%b1%d8%a8%d9%8a\/author\/fadaoui-abdelhakimgmail-com\/"},"uagb_comment_info":0,"uagb_excerpt":"\u00c0 propos de nous Poulet nettoy\u00e9 et aromatis\u00e9 \u00e0 Casablanca Derri\u00e8re chaque commande se cache une histoire simple et authentique. Khadija a commenc\u00e9 par pr\u00e9parer du poulet nettoy\u00e9 \u00e0 Casablanca pour sa famille, avec la m\u00eame exigence que celle d\u2019une cuisine maison : lavage minutieux, \u00e9limination des odeurs et respect total de la fra\u00eecheur. Aujourd\u2019hui,&hellip;","_links":{"self":[{"href":"https:\/\/chefkhadija.com\/%d8%b9%d8%b1%d8%a8%d9%8a\/wp-json\/wp\/v2\/pages\/3612","targetHints":{"allow":["GET"]}}],"collection":[{"href":"https:\/\/chefkhadija.com\/%d8%b9%d8%b1%d8%a8%d9%8a\/wp-json\/wp\/v2\/pages"}],"about":[{"href":"https:\/\/chefkhadija.com\/%d8%b9%d8%b1%d8%a8%d9%8a\/wp-json\/wp\/v2\/types\/page"}],"author":[{"embeddable":true,"href":"https:\/\/chefkhadija.com\/%d8%b9%d8%b1%d8%a8%d9%8a\/wp-json\/wp\/v2\/users\/1"}],"replies":[{"embeddable":true,"href":"https:\/\/chefkhadija.com\/%d8%b9%d8%b1%d8%a8%d9%8a\/wp-json\/wp\/v2\/comments?post=3612"}],"version-history":[{"count":23,"href":"https:\/\/chefkhadija.com\/%d8%b9%d8%b1%d8%a8%d9%8a\/wp-json\/wp\/v2\/pages\/3612\/revisions"}],"predecessor-version":[{"id":5936,"href":"https:\/\/chefkhadija.com\/%d8%b9%d8%b1%d8%a8%d9%8a\/wp-json\/wp\/v2\/pages\/3612\/revisions\/5936"}],"wp:attachment":[{"href":"https:\/\/chefkhadija.com\/%d8%b9%d8%b1%d8%a8%d9%8a\/wp-json\/wp\/v2\/media?parent=3612"}],"curies":[{"name":"wp","href":"https:\/\/api.w.org\/{rel}","templated":true}]}}