{"id":3678,"date":"2025-12-17T15:41:11","date_gmt":"2025-12-17T15:41:11","guid":{"rendered":"https:\/\/chefkhadija.com\/product\/farm-fresh-eggs\/"},"modified":"2025-12-31T12:26:06","modified_gmt":"2025-12-31T11:26:06","slug":"farm-fresh-eggs","status":"publish","type":"product","link":"https:\/\/chefkhadija.com\/%d8%b9%d8%b1%d8%a8%d9%8a\/product\/farm-fresh-eggs\/","title":{"rendered":"\u0628\u0631\u0648\u0634\u064a\u0637 \u0635\u062f\u0631\u062f\u062c\u0627\u062c \u2013 \u062c\u0627\u0647\u0632 \u0644\u0644\u0637\u0647\u064a"},"content":{"rendered":"<p>\u0628\u0631\u0648\u0634\u064a\u0637 \u062f\u062c\u0627\u062c \u0645\u064f\u062d\u0636\u0631 \u0645\u0646 \u0644\u062d\u0645 \u0637\u0627\u0632\u062c\u060c \u0645\u064f\u0646\u0638\u0651\u0641\u060c \u0648\u0645\u064f\u0642\u0637\u0651\u0639 \u0628\u0639\u0646\u0627\u064a\u0629. \u0645\u062a\u0648\u0641\u0631\u0629 \u0637\u0628\u064a\u0639\u064a\u0629 \u0623\u0648 \u0645\u064f\u062a\u0628\u0651\u0644\u0629 \u0642\u0644\u064a\u0644\u0627\u064b\u060c \u0645\u062b\u0627\u0644\u064a\u0629 \u0644\u0644\u0634\u0648\u0627\u0621 \u0648\u0627\u0644\u0648\u062c\u0628\u0627\u062a \u0627\u0644\u0633\u0631\u064a\u0639\u0629. \u062a\u064f\u062d\u0636\u0651\u0631 \u064a\u0648\u0645\u064a\u0627\u064b \u0648\u062a\u064f\u0633\u0644\u0651\u0645 \u0641\u064a \u0627\u0644\u062f\u0627\u0631 \u0627\u0644\u0628\u064a\u0636\u0627\u0621.<\/p>","protected":false},"excerpt":{"rendered":"<p>\u0628\u0631\u0648\u0634\u064a\u0637 \u062f\u062c\u0627\u062c \u0645\u064f\u062d\u0636\u0631 \u0645\u0646 \u0644\u062d\u0645 \u0637\u0627\u0632\u062c\u060c \u0645\u064f\u0646\u0638\u0651\u0641\u060c \u0648\u0645\u064f\u0642\u0637\u0651\u0639 \u0628\u0639\u0646\u0627\u064a\u0629. \u0645\u062a\u0648\u0641\u0631\u0629 \u0637\u0628\u064a\u0639\u064a\u0629 \u0623\u0648 \u0645\u064f\u062a\u0628\u0651\u0644\u0629 \u0642\u0644\u064a\u0644\u0627\u064b\u060c \u0645\u062b\u0627\u0644\u064a\u0629 \u0644\u0644\u0634\u0648\u0627\u0621 \u0648\u0627\u0644\u0648\u062c\u0628\u0627\u062a \u0627\u0644\u0633\u0631\u064a\u0639\u0629. \u062a\u064f\u062d\u0636\u0651\u0631 \u064a\u0648\u0645\u064a\u0627\u064b \u0648\u062a\u064f\u0633\u0644\u0651\u0645 \u0641\u064a \u0627\u0644\u062f\u0627\u0631 \u0627\u0644\u0628\u064a\u0636\u0627\u0621.<\/p>","protected":false},"featured_media":5742,"template":"","meta":{"_uag_custom_page_level_css":"","site-sidebar-layout":"default","site-content-layout":"default","ast-site-content-layout":"default","site-content-style":"default","site-sidebar-style":"default","ast-global-header-display":"","ast-banner-title-visibility":"","ast-main-header-display":"","ast-hfb-above-header-display":"","ast-hfb-below-header-display":"","ast-hfb-mobile-header-display":"","site-post-title":"","ast-breadcrumbs-content":"","ast-featured-img":"","footer-sml-layout":"","ast-disable-related-posts":"","theme-transparent-header-meta":"default","adv-header-id-meta":"","stick-header-meta":"","header-above-stick-meta":"","header-main-stick-meta":"","header-below-stick-meta":"","astra-migrate-meta-layouts":"set","ast-page-background-enabled":"default","ast-page-background-meta":{"desktop":{"background-color":"","background-image":"","background-repeat":"repeat","background-position":"center center","background-size":"auto","background-attachment":"scroll","background-type":"","background-media":"","overlay-type":"","overlay-color":"","overlay-opacity":"","overlay-gradient":""},"tablet":{"background-color":"","background-image":"","background-repeat":"repeat","background-position":"center center","background-size":"auto","background-attachment":"scroll","background-type":"","background-media":"","overlay-type":"","overlay-color":"","overlay-opacity":"","overlay-gradient":""},"mobile":{"background-color":"","background-image":"","background-repeat":"repeat","background-position":"center center","background-size":"auto","background-attachment":"scroll","background-type":"","background-media":"","overlay-type":"","overlay-color":"","overlay-opacity":"","overlay-gradient":""}},"ast-content-background-meta":{"desktop":{"background-color":"var(--ast-global-color-5)","background-image":"","background-repeat":"repeat","background-position":"center center","background-size":"auto","background-attachment":"scroll","background-type":"","background-media":"","overlay-type":"","overlay-color":"","overlay-opacity":"","overlay-gradient":""},"tablet":{"background-color":"var(--ast-global-color-5)","background-image":"","background-repeat":"repeat","background-position":"center center","background-size":"auto","background-attachment":"scroll","background-type":"","background-media":"","overlay-type":"","overlay-color":"","overlay-opacity":"","overlay-gradient":""},"mobile":{"background-color":"var(--ast-global-color-5)","background-image":"","background-repeat":"repeat","background-position":"center center","background-size":"auto","background-attachment":"scroll","background-type":"","background-media":"","overlay-type":"","overlay-color":"","overlay-opacity":"","overlay-gradient":""}}},"product_brand":[],"product_cat":[16],"product_tag":[],"class_list":{"0":"post-3678","1":"product","2":"type-product","3":"status-publish","4":"has-post-thumbnail","6":"product_cat-poulet-frais-prepare","7":"desktop-align-center","8":"tablet-align-center","9":"mobile-align-center","11":"first","12":"instock","13":"sale","14":"featured","15":"shipping-taxable","16":"purchasable","17":"product-type-variable","18":"has-default-attributes"},"aioseo_notices":[],"uagb_featured_image_src":{"full":["https:\/\/chefkhadija.com\/wp-content\/uploads\/2025\/12\/Copie-de-urbanity-3.png",1080,1080,false],"thumbnail":["https:\/\/chefkhadija.com\/wp-content\/uploads\/2025\/12\/Copie-de-urbanity-3-150x150.png",150,150,true],"medium":["https:\/\/chefkhadija.com\/wp-content\/uploads\/2025\/12\/Copie-de-urbanity-3-300x300.png",300,300,true],"medium_large":["https:\/\/chefkhadija.com\/wp-content\/uploads\/2025\/12\/Copie-de-urbanity-3-768x768.png",768,768,true],"large":["https:\/\/chefkhadija.com\/wp-content\/uploads\/2025\/12\/Copie-de-urbanity-3-1024x1024.png",1024,1024,true],"1536x1536":["https:\/\/chefkhadija.com\/wp-content\/uploads\/2025\/12\/Copie-de-urbanity-3.png",1080,1080,false],"2048x2048":["https:\/\/chefkhadija.com\/wp-content\/uploads\/2025\/12\/Copie-de-urbanity-3.png",1080,1080,false],"trp-custom-language-flag":["https:\/\/chefkhadija.com\/wp-content\/uploads\/2025\/12\/Copie-de-urbanity-3-12x12.png",12,12,true],"woocommerce_thumbnail":["https:\/\/chefkhadija.com\/wp-content\/uploads\/2025\/12\/Copie-de-urbanity-3-300x300.png",300,300,true],"woocommerce_single":["https:\/\/chefkhadija.com\/wp-content\/uploads\/2025\/12\/Copie-de-urbanity-3.png",1080,1080,false],"woocommerce_gallery_thumbnail":["https:\/\/chefkhadija.com\/wp-content\/uploads\/2025\/12\/Copie-de-urbanity-3-100x100.png",100,100,true]},"uagb_author_info":{"display_name":"fadaoui.abdelhakim@gmail.com","author_link":"https:\/\/chefkhadija.com\/%d8%b9%d8%b1%d8%a8%d9%8a\/author\/"},"uagb_comment_info":0,"uagb_excerpt":"Brochettes de poulet pr\u00e9par\u00e9es \u00e0 partir de viande fra\u00eeche, nettoy\u00e9e et d\u00e9coup\u00e9e avec soin. Option nature ou l\u00e9g\u00e8rement aromatis\u00e9e, id\u00e9ale pour grillades et repas rapides. Pr\u00e9paration du jour et livraison \u00e0 Casablanca.","_links":{"self":[{"href":"https:\/\/chefkhadija.com\/%d8%b9%d8%b1%d8%a8%d9%8a\/wp-json\/wp\/v2\/product\/3678","targetHints":{"allow":["GET"]}}],"collection":[{"href":"https:\/\/chefkhadija.com\/%d8%b9%d8%b1%d8%a8%d9%8a\/wp-json\/wp\/v2\/product"}],"about":[{"href":"https:\/\/chefkhadija.com\/%d8%b9%d8%b1%d8%a8%d9%8a\/wp-json\/wp\/v2\/types\/product"}],"wp:featuredmedia":[{"embeddable":true,"href":"https:\/\/chefkhadija.com\/%d8%b9%d8%b1%d8%a8%d9%8a\/wp-json\/wp\/v2\/media\/5742"}],"wp:attachment":[{"href":"https:\/\/chefkhadija.com\/%d8%b9%d8%b1%d8%a8%d9%8a\/wp-json\/wp\/v2\/media?parent=3678"}],"wp:term":[{"taxonomy":"product_brand","embeddable":true,"href":"https:\/\/chefkhadija.com\/%d8%b9%d8%b1%d8%a8%d9%8a\/wp-json\/wp\/v2\/product_brand?post=3678"},{"taxonomy":"product_cat","embeddable":true,"href":"https:\/\/chefkhadija.com\/%d8%b9%d8%b1%d8%a8%d9%8a\/wp-json\/wp\/v2\/product_cat?post=3678"},{"taxonomy":"product_tag","embeddable":true,"href":"https:\/\/chefkhadija.com\/%d8%b9%d8%b1%d8%a8%d9%8a\/wp-json\/wp\/v2\/product_tag?post=3678"}],"curies":[{"name":"wp","href":"https:\/\/api.w.org\/{rel}","templated":true}]}}